{"id":19,"date":"2015-12-11T08:00:14","date_gmt":"2015-12-11T07:00:14","guid":{"rendered":"http:\/\/www.asia-doan.de\/delight\/?page_id=19"},"modified":"2024-10-19T12:58:13","modified_gmt":"2024-10-19T10:58:13","slug":"ueber-uns","status":"publish","type":"page","link":"https:\/\/www.asia-doan.de\/delight\/","title":{"rendered":"Home"},"content":{"rendered":"<h1 style=\"text-align: center;\">Asia Delight I Rolls on Bowls in Sindelfingen, Hinterweil<\/h1>\n<h1 style=\"text-align: center;\">Unsere Leistungen f\u00fcr Sie<\/h1>\n","protected":false},"excerpt":{"rendered":"<p>Asia Delight I Rolls on Bowls in Sindelfingen, Hinterweil Unsere Leistungen f\u00fcr Sie<\/p>\n","protected":false},"author":2,"featured_media":0,"parent":0,"menu_order":0,"comment_status":"closed","ping_status":"closed","template":"","meta":{"footnotes":""},"class_list":["post-19","page","type-page","status-publish","hentry"],"yoast_head":"<!-- This site is optimized with the Yoast SEO plugin v23.6 - https:\/\/yoast.com\/wordpress\/plugins\/seo\/ -->\n<title>Asia Delight I Rolls on Bowls - Asiatische K\u00fcche, Catering, Selbstabholung<\/title>\n<meta name=\"description\" content=\"Bestellen Sie online zum Mitnehmen\/Abholen. Bei Asia Delight I Rolls On Bowls in Sindelfingen erleben Sie k\u00f6stliche Asian K\u00fcche. Probieren Sie unsere k\u00f6stlichen Gerichte aus, die sorgf\u00e4ltig aus frischen Zutaten zubereitet werden! Bei Asia Delight I Rolls On Bowls ist unser Erfolgsrezept einfach - Gro\u00dfartiges Essen &amp; Sorgfalt l\u00e4sst Kunden immer wieder kommen.\" \/>\n<meta name=\"robots\" content=\"index, follow, max-snippet:-1, max-image-preview:large, max-video-preview:-1\" \/>\n<link rel=\"canonical\" href=\"https:\/\/www.asia-doan.de\/delight\/\" \/>\n<meta property=\"og:locale\" content=\"de_DE\" \/>\n<meta property=\"og:type\" content=\"article\" \/>\n<meta property=\"og:title\" content=\"Asia Delight I Rolls on Bowls - Asiatische K\u00fcche, Catering, Selbstabholung\" \/>\n<meta property=\"og:description\" content=\"Bestellen Sie online zum Mitnehmen\/Abholen. Bei Asia Delight I Rolls On Bowls in Sindelfingen erleben Sie k\u00f6stliche Asian K\u00fcche. Probieren Sie unsere k\u00f6stlichen Gerichte aus, die sorgf\u00e4ltig aus frischen Zutaten zubereitet werden! Bei Asia Delight I Rolls On Bowls ist unser Erfolgsrezept einfach - Gro\u00dfartiges Essen &amp; Sorgfalt l\u00e4sst Kunden immer wieder kommen.\" \/>\n<meta property=\"og:url\" content=\"https:\/\/www.asia-doan.de\/delight\/\" \/>\n<meta property=\"og:site_name\" content=\"Asia Delight - Rolls on Bowls\" \/>\n<meta property=\"article:publisher\" content=\"https:\/\/www.facebook.com\/asiadoan6789\" \/>\n<meta property=\"article:modified_time\" content=\"2024-10-19T10:58:13+00:00\" \/>\n<meta name=\"twitter:card\" content=\"summary_large_image\" \/>\n<meta name=\"twitter:label1\" content=\"Gesch\u00e4tzte Lesezeit\" \/>\n\t<meta name=\"twitter:data1\" content=\"1\u00a0Minute\" \/>\n<script type=\"application\/ld+json\" class=\"yoast-schema-graph\">{\"@context\":\"https:\/\/schema.org\",\"@graph\":[{\"@type\":\"WebPage\",\"@id\":\"https:\/\/www.asia-doan.de\/delight\/\",\"url\":\"https:\/\/www.asia-doan.de\/delight\/\",\"name\":\"Asia Delight I Rolls on Bowls - Asiatische K\u00fcche, Catering, Selbstabholung\",\"isPartOf\":{\"@id\":\"https:\/\/www.asia-doan.de\/delight\/#website\"},\"datePublished\":\"2015-12-11T07:00:14+00:00\",\"dateModified\":\"2024-10-19T10:58:13+00:00\",\"description\":\"Bestellen Sie online zum Mitnehmen\/Abholen. Bei Asia Delight I Rolls On Bowls in Sindelfingen erleben Sie k\u00f6stliche Asian K\u00fcche. Probieren Sie unsere k\u00f6stlichen Gerichte aus, die sorgf\u00e4ltig aus frischen Zutaten zubereitet werden! Bei Asia Delight I Rolls On Bowls ist unser Erfolgsrezept einfach - Gro\u00dfartiges Essen & Sorgfalt l\u00e4sst Kunden immer wieder kommen.\",\"breadcrumb\":{\"@id\":\"https:\/\/www.asia-doan.de\/delight\/#breadcrumb\"},\"inLanguage\":\"de\",\"potentialAction\":[{\"@type\":\"ReadAction\",\"target\":[\"https:\/\/www.asia-doan.de\/delight\/\"]}]},{\"@type\":\"BreadcrumbList\",\"@id\":\"https:\/\/www.asia-doan.de\/delight\/#breadcrumb\",\"itemListElement\":[{\"@type\":\"ListItem\",\"position\":1,\"name\":\"Startseite\",\"item\":\"https:\/\/www.asia-doan.de\/delight\/\"},{\"@type\":\"ListItem\",\"position\":2,\"name\":\"Home\"}]},{\"@type\":\"WebSite\",\"@id\":\"https:\/\/www.asia-doan.de\/delight\/#website\",\"url\":\"https:\/\/www.asia-doan.de\/delight\/\",\"name\":\"Asia Delight - Rolls on Bowls\",\"description\":\"Fusion Kitchen \",\"publisher\":{\"@id\":\"https:\/\/www.asia-doan.de\/delight\/#organization\"},\"potentialAction\":[{\"@type\":\"SearchAction\",\"target\":{\"@type\":\"EntryPoint\",\"urlTemplate\":\"https:\/\/www.asia-doan.de\/delight\/?s={search_term_string}\"},\"query-input\":{\"@type\":\"PropertyValueSpecification\",\"valueRequired\":true,\"valueName\":\"search_term_string\"}}],\"inLanguage\":\"de\"},{\"@type\":\"Organization\",\"@id\":\"https:\/\/www.asia-doan.de\/delight\/#organization\",\"name\":\"Asia Delight I Rolls on Bowls\",\"url\":\"https:\/\/www.asia-doan.de\/delight\/\",\"logo\":{\"@type\":\"ImageObject\",\"inLanguage\":\"de\",\"@id\":\"https:\/\/www.asia-doan.de\/delight\/#\/schema\/logo\/image\/\",\"url\":\"https:\/\/www.asia-doan.de\/delight\/wp-content\/uploads\/2021\/06\/Bildschirmfoto-2021-06-24-um-21.53.45.png\",\"contentUrl\":\"https:\/\/www.asia-doan.de\/delight\/wp-content\/uploads\/2021\/06\/Bildschirmfoto-2021-06-24-um-21.53.45.png\",\"width\":1970,\"height\":474,\"caption\":\"Asia Delight I Rolls on Bowls\"},\"image\":{\"@id\":\"https:\/\/www.asia-doan.de\/delight\/#\/schema\/logo\/image\/\"},\"sameAs\":[\"https:\/\/www.facebook.com\/asiadoan6789\"]}]}<\/script>\n<!-- \/ Yoast SEO plugin. -->","yoast_head_json":{"title":"Asia Delight I Rolls on Bowls - Asiatische K\u00fcche, Catering, Selbstabholung","description":"Bestellen Sie online zum Mitnehmen\/Abholen. Bei Asia Delight I Rolls On Bowls in Sindelfingen erleben Sie k\u00f6stliche Asian K\u00fcche. Probieren Sie unsere k\u00f6stlichen Gerichte aus, die sorgf\u00e4ltig aus frischen Zutaten zubereitet werden! Bei Asia Delight I Rolls On Bowls ist unser Erfolgsrezept einfach - Gro\u00dfartiges Essen & Sorgfalt l\u00e4sst Kunden immer wieder kommen.","robots":{"index":"index","follow":"follow","max-snippet":"max-snippet:-1","max-image-preview":"max-image-preview:large","max-video-preview":"max-video-preview:-1"},"canonical":"https:\/\/www.asia-doan.de\/delight\/","og_locale":"de_DE","og_type":"article","og_title":"Asia Delight I Rolls on Bowls - Asiatische K\u00fcche, Catering, Selbstabholung","og_description":"Bestellen Sie online zum Mitnehmen\/Abholen. Bei Asia Delight I Rolls On Bowls in Sindelfingen erleben Sie k\u00f6stliche Asian K\u00fcche. Probieren Sie unsere k\u00f6stlichen Gerichte aus, die sorgf\u00e4ltig aus frischen Zutaten zubereitet werden! Bei Asia Delight I Rolls On Bowls ist unser Erfolgsrezept einfach - Gro\u00dfartiges Essen & Sorgfalt l\u00e4sst Kunden immer wieder kommen.","og_url":"https:\/\/www.asia-doan.de\/delight\/","og_site_name":"Asia Delight - Rolls on Bowls","article_publisher":"https:\/\/www.facebook.com\/asiadoan6789","article_modified_time":"2024-10-19T10:58:13+00:00","twitter_card":"summary_large_image","twitter_misc":{"Gesch\u00e4tzte Lesezeit":"1\u00a0Minute"},"schema":{"@context":"https:\/\/schema.org","@graph":[{"@type":"WebPage","@id":"https:\/\/www.asia-doan.de\/delight\/","url":"https:\/\/www.asia-doan.de\/delight\/","name":"Asia Delight I Rolls on Bowls - Asiatische K\u00fcche, Catering, Selbstabholung","isPartOf":{"@id":"https:\/\/www.asia-doan.de\/delight\/#website"},"datePublished":"2015-12-11T07:00:14+00:00","dateModified":"2024-10-19T10:58:13+00:00","description":"Bestellen Sie online zum Mitnehmen\/Abholen. Bei Asia Delight I Rolls On Bowls in Sindelfingen erleben Sie k\u00f6stliche Asian K\u00fcche. Probieren Sie unsere k\u00f6stlichen Gerichte aus, die sorgf\u00e4ltig aus frischen Zutaten zubereitet werden! Bei Asia Delight I Rolls On Bowls ist unser Erfolgsrezept einfach - Gro\u00dfartiges Essen & Sorgfalt l\u00e4sst Kunden immer wieder kommen.","breadcrumb":{"@id":"https:\/\/www.asia-doan.de\/delight\/#breadcrumb"},"inLanguage":"de","potentialAction":[{"@type":"ReadAction","target":["https:\/\/www.asia-doan.de\/delight\/"]}]},{"@type":"BreadcrumbList","@id":"https:\/\/www.asia-doan.de\/delight\/#breadcrumb","itemListElement":[{"@type":"ListItem","position":1,"name":"Startseite","item":"https:\/\/www.asia-doan.de\/delight\/"},{"@type":"ListItem","position":2,"name":"Home"}]},{"@type":"WebSite","@id":"https:\/\/www.asia-doan.de\/delight\/#website","url":"https:\/\/www.asia-doan.de\/delight\/","name":"Asia Delight - Rolls on Bowls","description":"Fusion Kitchen ","publisher":{"@id":"https:\/\/www.asia-doan.de\/delight\/#organization"},"potentialAction":[{"@type":"SearchAction","target":{"@type":"EntryPoint","urlTemplate":"https:\/\/www.asia-doan.de\/delight\/?s={search_term_string}"},"query-input":{"@type":"PropertyValueSpecification","valueRequired":true,"valueName":"search_term_string"}}],"inLanguage":"de"},{"@type":"Organization","@id":"https:\/\/www.asia-doan.de\/delight\/#organization","name":"Asia Delight I Rolls on Bowls","url":"https:\/\/www.asia-doan.de\/delight\/","logo":{"@type":"ImageObject","inLanguage":"de","@id":"https:\/\/www.asia-doan.de\/delight\/#\/schema\/logo\/image\/","url":"https:\/\/www.asia-doan.de\/delight\/wp-content\/uploads\/2021\/06\/Bildschirmfoto-2021-06-24-um-21.53.45.png","contentUrl":"https:\/\/www.asia-doan.de\/delight\/wp-content\/uploads\/2021\/06\/Bildschirmfoto-2021-06-24-um-21.53.45.png","width":1970,"height":474,"caption":"Asia Delight I Rolls on Bowls"},"image":{"@id":"https:\/\/www.asia-doan.de\/delight\/#\/schema\/logo\/image\/"},"sameAs":["https:\/\/www.facebook.com\/asiadoan6789"]}]}},"_links":{"self":[{"href":"https:\/\/www.asia-doan.de\/delight\/wp-json\/wp\/v2\/pages\/19"}],"collection":[{"href":"https:\/\/www.asia-doan.de\/delight\/wp-json\/wp\/v2\/pages"}],"about":[{"href":"https:\/\/www.asia-doan.de\/delight\/wp-json\/wp\/v2\/types\/page"}],"author":[{"embeddable":true,"href":"https:\/\/www.asia-doan.de\/delight\/wp-json\/wp\/v2\/users\/2"}],"replies":[{"embeddable":true,"href":"https:\/\/www.asia-doan.de\/delight\/wp-json\/wp\/v2\/comments?post=19"}],"version-history":[{"count":84,"href":"https:\/\/www.asia-doan.de\/delight\/wp-json\/wp\/v2\/pages\/19\/revisions"}],"predecessor-version":[{"id":663,"href":"https:\/\/www.asia-doan.de\/delight\/wp-json\/wp\/v2\/pages\/19\/revisions\/663"}],"wp:attachment":[{"href":"https:\/\/www.asia-doan.de\/delight\/wp-json\/wp\/v2\/media?parent=19"}],"curies":[{"name":"wp","href":"https:\/\/api.w.org\/{rel}","templated":true}]}}