{"id":46,"date":"2015-12-14T17:05:49","date_gmt":"2015-12-14T16:05:49","guid":{"rendered":"http:\/\/www.asia-doan.de\/delight\/?page_id=46"},"modified":"2021-07-24T16:36:31","modified_gmt":"2021-07-24T14:36:31","slug":"feste","status":"publish","type":"page","link":"https:\/\/www.asia-doan.de\/delight\/feste\/","title":{"rendered":"Feste"},"content":{"rendered":"<h1>Verleihen Sie Ihren Festen die richtige W\u00fcrze<\/h1>\r\n<p>Sie sind Gastgeber, wir k\u00fcmmern uns um den Rest. Ob Sie dabei in unseren R\u00e4umlichkeiten oder zuhause feiern; mit Fingerfood oder Buffet, mit Personal oder ohne &#8211; wir sind Ihr Partner wenn es darum geht, Ihrem Fest die richtige W\u00fcrze zu verleihen. Gerne sind wir Ihnen bei der Planung behilflich und erstellen Ihnen ein individuelles Angebot.<\/p>\r\n\r\n<p>&nbsp;<\/p>\r\n","protected":false},"excerpt":{"rendered":"<p>Verleihen Sie Ihren Festen die richtige W\u00fcrze Sie sind Gastgeber, wir k\u00fcmmern uns um den Rest. Ob Sie dabei in unseren R\u00e4umlichkeiten oder zuhause feiern; mit Fingerfood oder Buffet, mit Personal oder ohne &#8211; wir sind Ihr Partner wenn es darum geht, Ihrem Fest die richtige W\u00fcrze zu verleihen. Gerne sind wir Ihnen bei der [&hellip;]<\/p>\n","protected":false},"author":2,"featured_media":0,"parent":0,"menu_order":3,"comment_status":"closed","ping_status":"closed","template":"","meta":{"footnotes":""},"class_list":["post-46","page","type-page","status-publish","hentry"],"yoast_head":"<!-- This site is optimized with the Yoast SEO plugin v23.6 - https:\/\/yoast.com\/wordpress\/plugins\/seo\/ -->\n<title>Feste - Asia Delight - Rolls on Bowls<\/title>\n<meta name=\"robots\" content=\"index, follow, max-snippet:-1, max-image-preview:large, max-video-preview:-1\" \/>\n<link rel=\"canonical\" href=\"https:\/\/www.asia-doan.de\/delight\/feste\/\" \/>\n<meta property=\"og:locale\" content=\"de_DE\" \/>\n<meta property=\"og:type\" content=\"article\" \/>\n<meta property=\"og:title\" content=\"Feste - Asia Delight - Rolls on Bowls\" \/>\n<meta property=\"og:description\" content=\"Verleihen Sie Ihren Festen die richtige W\u00fcrze Sie sind Gastgeber, wir k\u00fcmmern uns um den Rest. Ob Sie dabei in unseren R\u00e4umlichkeiten oder zuhause feiern; mit Fingerfood oder Buffet, mit Personal oder ohne &#8211; wir sind Ihr Partner wenn es darum geht, Ihrem Fest die richtige W\u00fcrze zu verleihen. Gerne sind wir Ihnen bei der [&hellip;]\" \/>\n<meta property=\"og:url\" content=\"https:\/\/www.asia-doan.de\/delight\/feste\/\" \/>\n<meta property=\"og:site_name\" content=\"Asia Delight - Rolls on Bowls\" \/>\n<meta property=\"article:publisher\" content=\"https:\/\/www.facebook.com\/asiadoan6789\" \/>\n<meta property=\"article:modified_time\" content=\"2021-07-24T14:36:31+00:00\" \/>\n<meta name=\"twitter:card\" content=\"summary_large_image\" \/>\n<script type=\"application\/ld+json\" class=\"yoast-schema-graph\">{\"@context\":\"https:\/\/schema.org\",\"@graph\":[{\"@type\":\"WebPage\",\"@id\":\"https:\/\/www.asia-doan.de\/delight\/feste\/\",\"url\":\"https:\/\/www.asia-doan.de\/delight\/feste\/\",\"name\":\"Feste - Asia Delight - Rolls on Bowls\",\"isPartOf\":{\"@id\":\"https:\/\/www.asia-doan.de\/delight\/#website\"},\"datePublished\":\"2015-12-14T16:05:49+00:00\",\"dateModified\":\"2021-07-24T14:36:31+00:00\",\"breadcrumb\":{\"@id\":\"https:\/\/www.asia-doan.de\/delight\/feste\/#breadcrumb\"},\"inLanguage\":\"de\",\"potentialAction\":[{\"@type\":\"ReadAction\",\"target\":[\"https:\/\/www.asia-doan.de\/delight\/feste\/\"]}]},{\"@type\":\"BreadcrumbList\",\"@id\":\"https:\/\/www.asia-doan.de\/delight\/feste\/#breadcrumb\",\"itemListElement\":[{\"@type\":\"ListItem\",\"position\":1,\"name\":\"Startseite\",\"item\":\"https:\/\/www.asia-doan.de\/delight\/\"},{\"@type\":\"ListItem\",\"position\":2,\"name\":\"Feste\"}]},{\"@type\":\"WebSite\",\"@id\":\"https:\/\/www.asia-doan.de\/delight\/#website\",\"url\":\"https:\/\/www.asia-doan.de\/delight\/\",\"name\":\"Asia Delight - Rolls on Bowls\",\"description\":\"Fusion Kitchen \",\"publisher\":{\"@id\":\"https:\/\/www.asia-doan.de\/delight\/#organization\"},\"potentialAction\":[{\"@type\":\"SearchAction\",\"target\":{\"@type\":\"EntryPoint\",\"urlTemplate\":\"https:\/\/www.asia-doan.de\/delight\/?s={search_term_string}\"},\"query-input\":{\"@type\":\"PropertyValueSpecification\",\"valueRequired\":true,\"valueName\":\"search_term_string\"}}],\"inLanguage\":\"de\"},{\"@type\":\"Organization\",\"@id\":\"https:\/\/www.asia-doan.de\/delight\/#organization\",\"name\":\"Asia Delight I Rolls on Bowls\",\"url\":\"https:\/\/www.asia-doan.de\/delight\/\",\"logo\":{\"@type\":\"ImageObject\",\"inLanguage\":\"de\",\"@id\":\"https:\/\/www.asia-doan.de\/delight\/#\/schema\/logo\/image\/\",\"url\":\"https:\/\/www.asia-doan.de\/delight\/wp-content\/uploads\/2021\/06\/Bildschirmfoto-2021-06-24-um-21.53.45.png\",\"contentUrl\":\"https:\/\/www.asia-doan.de\/delight\/wp-content\/uploads\/2021\/06\/Bildschirmfoto-2021-06-24-um-21.53.45.png\",\"width\":1970,\"height\":474,\"caption\":\"Asia Delight I Rolls on Bowls\"},\"image\":{\"@id\":\"https:\/\/www.asia-doan.de\/delight\/#\/schema\/logo\/image\/\"},\"sameAs\":[\"https:\/\/www.facebook.com\/asiadoan6789\"]}]}<\/script>\n<!-- \/ Yoast SEO plugin. -->","yoast_head_json":{"title":"Feste - Asia Delight - Rolls on Bowls","robots":{"index":"index","follow":"follow","max-snippet":"max-snippet:-1","max-image-preview":"max-image-preview:large","max-video-preview":"max-video-preview:-1"},"canonical":"https:\/\/www.asia-doan.de\/delight\/feste\/","og_locale":"de_DE","og_type":"article","og_title":"Feste - Asia Delight - Rolls on Bowls","og_description":"Verleihen Sie Ihren Festen die richtige W\u00fcrze Sie sind Gastgeber, wir k\u00fcmmern uns um den Rest. Ob Sie dabei in unseren R\u00e4umlichkeiten oder zuhause feiern; mit Fingerfood oder Buffet, mit Personal oder ohne &#8211; wir sind Ihr Partner wenn es darum geht, Ihrem Fest die richtige W\u00fcrze zu verleihen. Gerne sind wir Ihnen bei der [&hellip;]","og_url":"https:\/\/www.asia-doan.de\/delight\/feste\/","og_site_name":"Asia Delight - Rolls on Bowls","article_publisher":"https:\/\/www.facebook.com\/asiadoan6789","article_modified_time":"2021-07-24T14:36:31+00:00","twitter_card":"summary_large_image","schema":{"@context":"https:\/\/schema.org","@graph":[{"@type":"WebPage","@id":"https:\/\/www.asia-doan.de\/delight\/feste\/","url":"https:\/\/www.asia-doan.de\/delight\/feste\/","name":"Feste - Asia Delight - Rolls on Bowls","isPartOf":{"@id":"https:\/\/www.asia-doan.de\/delight\/#website"},"datePublished":"2015-12-14T16:05:49+00:00","dateModified":"2021-07-24T14:36:31+00:00","breadcrumb":{"@id":"https:\/\/www.asia-doan.de\/delight\/feste\/#breadcrumb"},"inLanguage":"de","potentialAction":[{"@type":"ReadAction","target":["https:\/\/www.asia-doan.de\/delight\/feste\/"]}]},{"@type":"BreadcrumbList","@id":"https:\/\/www.asia-doan.de\/delight\/feste\/#breadcrumb","itemListElement":[{"@type":"ListItem","position":1,"name":"Startseite","item":"https:\/\/www.asia-doan.de\/delight\/"},{"@type":"ListItem","position":2,"name":"Feste"}]},{"@type":"WebSite","@id":"https:\/\/www.asia-doan.de\/delight\/#website","url":"https:\/\/www.asia-doan.de\/delight\/","name":"Asia Delight - Rolls on Bowls","description":"Fusion Kitchen ","publisher":{"@id":"https:\/\/www.asia-doan.de\/delight\/#organization"},"potentialAction":[{"@type":"SearchAction","target":{"@type":"EntryPoint","urlTemplate":"https:\/\/www.asia-doan.de\/delight\/?s={search_term_string}"},"query-input":{"@type":"PropertyValueSpecification","valueRequired":true,"valueName":"search_term_string"}}],"inLanguage":"de"},{"@type":"Organization","@id":"https:\/\/www.asia-doan.de\/delight\/#organization","name":"Asia Delight I Rolls on Bowls","url":"https:\/\/www.asia-doan.de\/delight\/","logo":{"@type":"ImageObject","inLanguage":"de","@id":"https:\/\/www.asia-doan.de\/delight\/#\/schema\/logo\/image\/","url":"https:\/\/www.asia-doan.de\/delight\/wp-content\/uploads\/2021\/06\/Bildschirmfoto-2021-06-24-um-21.53.45.png","contentUrl":"https:\/\/www.asia-doan.de\/delight\/wp-content\/uploads\/2021\/06\/Bildschirmfoto-2021-06-24-um-21.53.45.png","width":1970,"height":474,"caption":"Asia Delight I Rolls on Bowls"},"image":{"@id":"https:\/\/www.asia-doan.de\/delight\/#\/schema\/logo\/image\/"},"sameAs":["https:\/\/www.facebook.com\/asiadoan6789"]}]}},"_links":{"self":[{"href":"https:\/\/www.asia-doan.de\/delight\/wp-json\/wp\/v2\/pages\/46"}],"collection":[{"href":"https:\/\/www.asia-doan.de\/delight\/wp-json\/wp\/v2\/pages"}],"about":[{"href":"https:\/\/www.asia-doan.de\/delight\/wp-json\/wp\/v2\/types\/page"}],"author":[{"embeddable":true,"href":"https:\/\/www.asia-doan.de\/delight\/wp-json\/wp\/v2\/users\/2"}],"replies":[{"embeddable":true,"href":"https:\/\/www.asia-doan.de\/delight\/wp-json\/wp\/v2\/comments?post=46"}],"version-history":[{"count":12,"href":"https:\/\/www.asia-doan.de\/delight\/wp-json\/wp\/v2\/pages\/46\/revisions"}],"predecessor-version":[{"id":350,"href":"https:\/\/www.asia-doan.de\/delight\/wp-json\/wp\/v2\/pages\/46\/revisions\/350"}],"wp:attachment":[{"href":"https:\/\/www.asia-doan.de\/delight\/wp-json\/wp\/v2\/media?parent=46"}],"curies":[{"name":"wp","href":"https:\/\/api.w.org\/{rel}","templated":true}]}}