{"id":96,"date":"2016-01-05T08:59:33","date_gmt":"2016-01-05T07:59:33","guid":{"rendered":"http:\/\/www.asia-doan.de\/delight\/?page_id=96"},"modified":"2024-10-19T13:06:03","modified_gmt":"2024-10-19T11:06:03","slug":"catering","status":"publish","type":"page","link":"https:\/\/www.asia-doan.de\/delight\/catering\/","title":{"rendered":"Catering"},"content":{"rendered":"<h1>Egal ob Privat oder als Unternehmen<\/h1>\n<p>Hochzeiten, Geburtstagsparty, gro\u00dfe Familienfeier, Serviceleistung in Mittagspausen oder Firmenevent? Wir liefern in Form eines Buffetts oder als mehrg\u00e4ngiges Men\u00fc, als warmes Gericht mit oder ohne Beilagen, ob Suppen, Salate, Desserts, Fingerfood \u2013 mit Fleisch oder vegetarisch!<\/p>\n<p>Der Koch Doan Cuong ist bei diversen Automobilherstellern in Sindelfingen, B\u00f6blingen und Stuttgart, sowie bei gro\u00dfen Versicherungsgebern seit Jahren verantwortlich f\u00fcr die Asia-K\u00fcche durch einen t\u00e4glichen Cateringservice.<\/p>\n<h1>Catering-Anfrage<\/h1>\n<p>Wir haben Ihr Interesse geweckt?<\/p>\n<p>Kontaktieren Sie uns direkt \u00fcber untenstehendes Formular oder Mobil: 01727772595<\/p>\n","protected":false},"excerpt":{"rendered":"<p>Egal ob Privat oder als Unternehmen Hochzeiten, Geburtstagsparty, gro\u00dfe Familienfeier, Serviceleistung in Mittagspausen oder Firmenevent? Wir liefern in Form eines Buffetts oder als mehrg\u00e4ngiges Men\u00fc, als warmes Gericht mit oder ohne Beilagen, ob Suppen, Salate, Desserts, Fingerfood \u2013 mit Fleisch oder vegetarisch! Der Koch Doan Cuong ist bei diversen Automobilherstellern in Sindelfingen, B\u00f6blingen und Stuttgart, [&hellip;]<\/p>\n","protected":false},"author":2,"featured_media":0,"parent":0,"menu_order":2,"comment_status":"closed","ping_status":"closed","template":"","meta":{"footnotes":""},"class_list":["post-96","page","type-page","status-publish","hentry"],"yoast_head":"<!-- This site is optimized with the Yoast SEO plugin v23.6 - https:\/\/yoast.com\/wordpress\/plugins\/seo\/ -->\n<title>Catering - Asia Delight - Rolls on Bowls<\/title>\n<meta name=\"robots\" content=\"index, follow, max-snippet:-1, max-image-preview:large, max-video-preview:-1\" \/>\n<link rel=\"canonical\" href=\"https:\/\/www.asia-doan.de\/delight\/catering\/\" \/>\n<meta property=\"og:locale\" content=\"de_DE\" \/>\n<meta property=\"og:type\" content=\"article\" \/>\n<meta property=\"og:title\" content=\"Catering - Asia Delight - Rolls on Bowls\" \/>\n<meta property=\"og:description\" content=\"Egal ob Privat oder als Unternehmen Hochzeiten, Geburtstagsparty, gro\u00dfe Familienfeier, Serviceleistung in Mittagspausen oder Firmenevent? Wir liefern in Form eines Buffetts oder als mehrg\u00e4ngiges Men\u00fc, als warmes Gericht mit oder ohne Beilagen, ob Suppen, Salate, Desserts, Fingerfood \u2013 mit Fleisch oder vegetarisch! Der Koch Doan Cuong ist bei diversen Automobilherstellern in Sindelfingen, B\u00f6blingen und Stuttgart, [&hellip;]\" \/>\n<meta property=\"og:url\" content=\"https:\/\/www.asia-doan.de\/delight\/catering\/\" \/>\n<meta property=\"og:site_name\" content=\"Asia Delight - Rolls on Bowls\" \/>\n<meta property=\"article:publisher\" content=\"https:\/\/www.facebook.com\/asiadoan6789\" \/>\n<meta property=\"article:modified_time\" content=\"2024-10-19T11:06:03+00:00\" \/>\n<meta name=\"twitter:card\" content=\"summary_large_image\" \/>\n<script type=\"application\/ld+json\" class=\"yoast-schema-graph\">{\"@context\":\"https:\/\/schema.org\",\"@graph\":[{\"@type\":\"WebPage\",\"@id\":\"https:\/\/www.asia-doan.de\/delight\/catering\/\",\"url\":\"https:\/\/www.asia-doan.de\/delight\/catering\/\",\"name\":\"Catering - Asia Delight - Rolls on Bowls\",\"isPartOf\":{\"@id\":\"https:\/\/www.asia-doan.de\/delight\/#website\"},\"datePublished\":\"2016-01-05T07:59:33+00:00\",\"dateModified\":\"2024-10-19T11:06:03+00:00\",\"breadcrumb\":{\"@id\":\"https:\/\/www.asia-doan.de\/delight\/catering\/#breadcrumb\"},\"inLanguage\":\"de\",\"potentialAction\":[{\"@type\":\"ReadAction\",\"target\":[\"https:\/\/www.asia-doan.de\/delight\/catering\/\"]}]},{\"@type\":\"BreadcrumbList\",\"@id\":\"https:\/\/www.asia-doan.de\/delight\/catering\/#breadcrumb\",\"itemListElement\":[{\"@type\":\"ListItem\",\"position\":1,\"name\":\"Startseite\",\"item\":\"https:\/\/www.asia-doan.de\/delight\/\"},{\"@type\":\"ListItem\",\"position\":2,\"name\":\"Catering\"}]},{\"@type\":\"WebSite\",\"@id\":\"https:\/\/www.asia-doan.de\/delight\/#website\",\"url\":\"https:\/\/www.asia-doan.de\/delight\/\",\"name\":\"Asia Delight - Rolls on Bowls\",\"description\":\"Fusion Kitchen \",\"publisher\":{\"@id\":\"https:\/\/www.asia-doan.de\/delight\/#organization\"},\"potentialAction\":[{\"@type\":\"SearchAction\",\"target\":{\"@type\":\"EntryPoint\",\"urlTemplate\":\"https:\/\/www.asia-doan.de\/delight\/?s={search_term_string}\"},\"query-input\":{\"@type\":\"PropertyValueSpecification\",\"valueRequired\":true,\"valueName\":\"search_term_string\"}}],\"inLanguage\":\"de\"},{\"@type\":\"Organization\",\"@id\":\"https:\/\/www.asia-doan.de\/delight\/#organization\",\"name\":\"Asia Delight I Rolls on Bowls\",\"url\":\"https:\/\/www.asia-doan.de\/delight\/\",\"logo\":{\"@type\":\"ImageObject\",\"inLanguage\":\"de\",\"@id\":\"https:\/\/www.asia-doan.de\/delight\/#\/schema\/logo\/image\/\",\"url\":\"https:\/\/www.asia-doan.de\/delight\/wp-content\/uploads\/2021\/06\/Bildschirmfoto-2021-06-24-um-21.53.45.png\",\"contentUrl\":\"https:\/\/www.asia-doan.de\/delight\/wp-content\/uploads\/2021\/06\/Bildschirmfoto-2021-06-24-um-21.53.45.png\",\"width\":1970,\"height\":474,\"caption\":\"Asia Delight I Rolls on Bowls\"},\"image\":{\"@id\":\"https:\/\/www.asia-doan.de\/delight\/#\/schema\/logo\/image\/\"},\"sameAs\":[\"https:\/\/www.facebook.com\/asiadoan6789\"]}]}<\/script>\n<!-- \/ Yoast SEO plugin. -->","yoast_head_json":{"title":"Catering - Asia Delight - Rolls on Bowls","robots":{"index":"index","follow":"follow","max-snippet":"max-snippet:-1","max-image-preview":"max-image-preview:large","max-video-preview":"max-video-preview:-1"},"canonical":"https:\/\/www.asia-doan.de\/delight\/catering\/","og_locale":"de_DE","og_type":"article","og_title":"Catering - Asia Delight - Rolls on Bowls","og_description":"Egal ob Privat oder als Unternehmen Hochzeiten, Geburtstagsparty, gro\u00dfe Familienfeier, Serviceleistung in Mittagspausen oder Firmenevent? Wir liefern in Form eines Buffetts oder als mehrg\u00e4ngiges Men\u00fc, als warmes Gericht mit oder ohne Beilagen, ob Suppen, Salate, Desserts, Fingerfood \u2013 mit Fleisch oder vegetarisch! Der Koch Doan Cuong ist bei diversen Automobilherstellern in Sindelfingen, B\u00f6blingen und Stuttgart, [&hellip;]","og_url":"https:\/\/www.asia-doan.de\/delight\/catering\/","og_site_name":"Asia Delight - Rolls on Bowls","article_publisher":"https:\/\/www.facebook.com\/asiadoan6789","article_modified_time":"2024-10-19T11:06:03+00:00","twitter_card":"summary_large_image","schema":{"@context":"https:\/\/schema.org","@graph":[{"@type":"WebPage","@id":"https:\/\/www.asia-doan.de\/delight\/catering\/","url":"https:\/\/www.asia-doan.de\/delight\/catering\/","name":"Catering - Asia Delight - Rolls on Bowls","isPartOf":{"@id":"https:\/\/www.asia-doan.de\/delight\/#website"},"datePublished":"2016-01-05T07:59:33+00:00","dateModified":"2024-10-19T11:06:03+00:00","breadcrumb":{"@id":"https:\/\/www.asia-doan.de\/delight\/catering\/#breadcrumb"},"inLanguage":"de","potentialAction":[{"@type":"ReadAction","target":["https:\/\/www.asia-doan.de\/delight\/catering\/"]}]},{"@type":"BreadcrumbList","@id":"https:\/\/www.asia-doan.de\/delight\/catering\/#breadcrumb","itemListElement":[{"@type":"ListItem","position":1,"name":"Startseite","item":"https:\/\/www.asia-doan.de\/delight\/"},{"@type":"ListItem","position":2,"name":"Catering"}]},{"@type":"WebSite","@id":"https:\/\/www.asia-doan.de\/delight\/#website","url":"https:\/\/www.asia-doan.de\/delight\/","name":"Asia Delight - Rolls on Bowls","description":"Fusion Kitchen ","publisher":{"@id":"https:\/\/www.asia-doan.de\/delight\/#organization"},"potentialAction":[{"@type":"SearchAction","target":{"@type":"EntryPoint","urlTemplate":"https:\/\/www.asia-doan.de\/delight\/?s={search_term_string}"},"query-input":{"@type":"PropertyValueSpecification","valueRequired":true,"valueName":"search_term_string"}}],"inLanguage":"de"},{"@type":"Organization","@id":"https:\/\/www.asia-doan.de\/delight\/#organization","name":"Asia Delight I Rolls on Bowls","url":"https:\/\/www.asia-doan.de\/delight\/","logo":{"@type":"ImageObject","inLanguage":"de","@id":"https:\/\/www.asia-doan.de\/delight\/#\/schema\/logo\/image\/","url":"https:\/\/www.asia-doan.de\/delight\/wp-content\/uploads\/2021\/06\/Bildschirmfoto-2021-06-24-um-21.53.45.png","contentUrl":"https:\/\/www.asia-doan.de\/delight\/wp-content\/uploads\/2021\/06\/Bildschirmfoto-2021-06-24-um-21.53.45.png","width":1970,"height":474,"caption":"Asia Delight I Rolls on Bowls"},"image":{"@id":"https:\/\/www.asia-doan.de\/delight\/#\/schema\/logo\/image\/"},"sameAs":["https:\/\/www.facebook.com\/asiadoan6789"]}]}},"_links":{"self":[{"href":"https:\/\/www.asia-doan.de\/delight\/wp-json\/wp\/v2\/pages\/96"}],"collection":[{"href":"https:\/\/www.asia-doan.de\/delight\/wp-json\/wp\/v2\/pages"}],"about":[{"href":"https:\/\/www.asia-doan.de\/delight\/wp-json\/wp\/v2\/types\/page"}],"author":[{"embeddable":true,"href":"https:\/\/www.asia-doan.de\/delight\/wp-json\/wp\/v2\/users\/2"}],"replies":[{"embeddable":true,"href":"https:\/\/www.asia-doan.de\/delight\/wp-json\/wp\/v2\/comments?post=96"}],"version-history":[{"count":10,"href":"https:\/\/www.asia-doan.de\/delight\/wp-json\/wp\/v2\/pages\/96\/revisions"}],"predecessor-version":[{"id":682,"href":"https:\/\/www.asia-doan.de\/delight\/wp-json\/wp\/v2\/pages\/96\/revisions\/682"}],"wp:attachment":[{"href":"https:\/\/www.asia-doan.de\/delight\/wp-json\/wp\/v2\/media?parent=96"}],"curies":[{"name":"wp","href":"https:\/\/api.w.org\/{rel}","templated":true}]}}